{"id":6,"date":"2019-02-22T13:43:40","date_gmt":"2019-02-22T13:43:40","guid":{"rendered":"https:\/\/yacar.arconada.name\/?page_id=6"},"modified":"2019-03-13T17:59:06","modified_gmt":"2019-03-13T17:59:06","slug":"home","status":"publish","type":"page","link":"https:\/\/yacar.arconada.name\/","title":{"rendered":"HOME"},"content":{"rendered":"<p>[vc_row][vc_column][vc_empty_space height=\u00bb50px\u00bb el_id=\u00bbinicio\u00bb][vc_column_text]<\/p>\n<h1 style=\"text-align: center;\">YACAR EXECUTIVE MEETINGS<\/h1>\n<p>[\/vc_column_text][vc_empty_space height=\u00bb70px\u00bb][\/vc_column][\/vc_row][vc_row css=\u00bb.vc_custom_1550847728251{padding-top: 80px !important;padding-bottom: 60px !important;}\u00bb][vc_column width=\u00bb1\/2&#8243;][vc_single_image image=\u00bb46&#8243; img_size=\u00bblarge\u00bb][\/vc_column][vc_column width=\u00bb1\/2&#8243;][vc_column_text]Una <strong>reuni\u00f3n especial<\/strong> es aquella cuyo resultado es muy importante para quien la organiza. Las emociones incrementan exponencialmente el impacto de un mensaje.<\/p>\n<p>Una reuni\u00f3n celebrada en un catamar\u00e1n dejar\u00e1 huella, haciendo que el mensaje transmitido cale m\u00e1s hondo y permanezca m\u00e1s tiempo en la memoria<\/p>\n<p>Un lugar completamente diferente para reuniones especiales: <strong>Consejos de Administraci\u00f3n, Comit\u00e9s de Direcci\u00f3n, Direcci\u00f3n Comercial, Presentaciones de Producto<\/strong> a clientes especiales, formaciones a medida, charlas impartidas por expertos, campa\u00f1as de marketing para clientes o incentivo para los equipos de \u00e9xito, etc.[\/vc_column_text][\/vc_column][\/vc_row][vc_row][vc_column][vc_column_text el_id=\u00bbteam\u00bb]<\/p>\n<h2 class=\"western\" style=\"text-align: center;\">Actividades de <b>TEAM BUILDING<\/b>.<\/h2>\n<p class=\"western\" style=\"text-align: center;\">Cualquier reuni\u00f3n para un grupo de hasta 10 personas<\/p>\n<p>[\/vc_column_text][vc_empty_space height=\u00bb20px\u00bb][\/vc_column][\/vc_row][vc_row css=\u00bb.vc_custom_1550847031854{margin-right: 0px !important;margin-bottom: 0px !important;margin-left: 0px !important;border-right-width: 0px !important;border-bottom-width: 0px !important;border-left-width: 0px !important;padding-right: 0% !important;padding-bottom: 0px !important;padding-left: 0% !important;background-position: center !important;background-repeat: no-repeat !important;background-size: cover !important;}\u00bb][vc_column parallax=\u00bbcontent-moving\u00bb width=\u00bb1\/3&#8243; css=\u00bb.vc_custom_1550360657317{margin-left: 0px !important;border-left-width: 0px !important;padding-bottom: 10px !important;padding-left: 0px !important;}\u00bb][vc_single_image image=\u00bb24&#8243; img_size=\u00bb350&#215;350&#8243; alignment=\u00bbcenter\u00bb onclick=\u00bbimg_link_large\u00bb][\/vc_column][vc_column width=\u00bb1\/3&#8243; css=\u00bb.vc_custom_1550491898936{padding-left: 20px !important;}\u00bb][vc_single_image image=\u00bb17&#8243; img_size=\u00bb350&#215;350&#8243; alignment=\u00bbcenter\u00bb onclick=\u00bbimg_link_large\u00bb][\/vc_column][vc_column width=\u00bb1\/3&#8243;][vc_single_image image=\u00bb10&#8243; img_size=\u00bb350&#215;350&#8243; alignment=\u00bbcenter\u00bb onclick=\u00bbimg_link_large\u00bb][\/vc_column][\/vc_row][vc_row][vc_column][vc_empty_space height=\u00bb20px\u00bb][vc_column_text]Una de las posibilidades m\u00e1s interesantes de este concepto es la de realizar una actividad de \u201c<strong>TEAM-BUILDING<\/strong>\u201d aprovechando la navegaci\u00f3n. Trabajo en equipo, objetivos, liderazgo, comunicaci\u00f3n, compa\u00f1erismo y otras aptitudes y actitudes pueden reforzarse en un barco a vela, donde el trabajo en equipo es fundamental. Todo ello con la coordinaci\u00f3n de un experto<\/p>\n<p>Con los <strong>medios necesarios<\/strong> a bordo para realizar Presentaciones: pantalla plana, mesa de trabajo, sonido, etc. Un lugar privado donde la comunicaci\u00f3n tiene garantizada la m\u00e1xima confidencialidad que se desee[\/vc_column_text][\/vc_column][\/vc_row][vc_row][vc_column width=\u00bb1\/3&#8243;][vc_single_image image=\u00bb11&#8243; img_size=\u00bb600&#215;600&#8243; alignment=\u00bbcenter\u00bb onclick=\u00bbimg_link_large\u00bb][\/vc_column][vc_column width=\u00bb1\/3&#8243;][vc_single_image image=\u00bb13&#8243; img_size=\u00bb600&#215;600&#8243; alignment=\u00bbcenter\u00bb onclick=\u00bbimg_link_large\u00bb][\/vc_column][vc_column width=\u00bb1\/3&#8243;][vc_single_image image=\u00bb14&#8243; img_size=\u00bb600&#215;600&#8243; alignment=\u00bbcenter\u00bb onclick=\u00bbimg_link_large\u00bb][\/vc_column][\/vc_row][vc_row][vc_column][vc_empty_space el_id=\u00bbservicios\u00bb][vc_column_text css=\u00bb.vc_custom_1550849751104{padding-bottom: 35px !important;}\u00bb]<\/p>\n<h2 style=\"text-align: center;\">SERVICIOS<\/h2>\n<p style=\"text-align: center;\">Todas las comodidades para una experiencia perfecta<\/p>\n<p>[\/vc_column_text][vc_column_text]Servicios disponibles durante la reuni\u00f3n: \u201ccoffee-break\u201d, instalaciones a medida para presentar producto. Comida en el propio barco (preparada en el barco o de catering o salidas a restaurante en veh\u00edculo o en el barco),<\/p>\n<p>Y la sala de reuniones puede cambiarse de sitio a voluntad!!<\/p>\n<p>El armador de barco y organizador tiene m\u00e1s de 30 a\u00f1os de experiencia en reuniones de todo tipo, ha sido empresario, presidente ejecutivo con m\u00e1s de 10.000 personas bajo su responsabilidad en grandes multinacionales\/empresa familiar. Ha sido presidente del consejo de administraci\u00f3n en casi cuarenta grandes empresas en Am\u00e9rica y Europa pertenecientes a un grupo familiar. Puede compartir su experiencia profesional durante la estancia en el barco o la navegaci\u00f3n, una vez concluida la reuni\u00f3n principal, si as\u00ed lo desean los promotores del evento.[\/vc_column_text][\/vc_column][\/vc_row][vc_row][vc_column width=\u00bb1\/2&#8243;][vc_single_image image=\u00bb29&#8243; img_size=\u00bb450&#215;450&#8243; alignment=\u00bbcenter\u00bb onclick=\u00bbimg_link_large\u00bb][\/vc_column][vc_column width=\u00bb1\/2&#8243;][vc_single_image image=\u00bb27&#8243; img_size=\u00bb450&#215;450&#8243; alignment=\u00bbcenter\u00bb onclick=\u00bbimg_link_large\u00bb][\/vc_column][\/vc_row][vc_row][vc_column][vc_empty_space height=\u00bb20px\u00bb el_id=\u00bbCOMFORT\u00bb][vc_column_text]Actividades complementarias tras la reuni\u00f3n en el BARCO: salidas de navegaci\u00f3n a vela, fondeo y traslado a la playa. Fondeos frente a lugares de inter\u00e9s tur\u00edstico o natural. Flexibilidad y adaptaci\u00f3n a las necesidades del cliente.<\/p>\n<p>Tambi\u00e9n se pueden reservar 4 camarotes dobles con ba\u00f1o completo en cada uno de ellos.[\/vc_column_text][\/vc_column][\/vc_row][vc_row][vc_column width=\u00bb1\/2&#8243;][vc_single_image image=\u00bb31&#8243; img_size=\u00bblarge\u00bb onclick=\u00bbimg_link_large\u00bb][vc_empty_space height=\u00bb30px\u00bb][\/vc_column][vc_column width=\u00bb1\/2&#8243;][vc_single_image image=\u00bb38&#8243; img_size=\u00bblarge\u00bb alignment=\u00bbcenter\u00bb onclick=\u00bbimg_link_large\u00bb][vc_empty_space height=\u00bb30px\u00bb][\/vc_column][\/vc_row][vc_row][vc_column][vc_empty_space height=\u00bb30px\u00bb][vc_column_text]Precios muy competitivos comparado con otros posibles lugares de reuni\u00f3n.<\/p>\n<p>Disponibilidad de m\u00e1s barcos para la navegaci\u00f3n si el grupo supera diez personas[\/vc_column_text][\/vc_column][\/vc_row][vc_row css=\u00bb.vc_custom_1550360746117{padding-top: 20px !important;}\u00bb][vc_column][vc_column_text]<\/p>\n<p class=\"western\" style=\"text-align: center;\">Un entorno muy especial: <b>la Bah\u00eda de Santander<\/b>, con aguas muy tranquilas, y la posibilidad de fondear en playas solitarias en determinadas \u00e9pocas<\/p>\n<p>[\/vc_column_text][\/vc_column][\/vc_row][vc_row css=\u00bb.vc_custom_1550360734629{padding-top: 20px !important;}\u00bb][vc_column width=\u00bb1\/2&#8243;][vc_single_image image=\u00bb45&#8243; img_size=\u00bblarge\u00bb alignment=\u00bbcenter\u00bb onclick=\u00bbimg_link_large\u00bb][\/vc_column][vc_column width=\u00bb1\/2&#8243;][vc_single_image image=\u00bb43&#8243; img_size=\u00bblarge\u00bb alignment=\u00bbcenter\u00bb onclick=\u00bbimg_link_large\u00bb][\/vc_column][\/vc_row][vc_row][vc_column width=\u00bb1\/4&#8243; css=\u00bb.vc_custom_1550360721305{padding-top: 20px !important;}\u00bb][vc_single_image image=\u00bb44&#8243; img_size=\u00bblarge\u00bb alignment=\u00bbcenter\u00bb onclick=\u00bbimg_link_large\u00bb][\/vc_column][vc_column width=\u00bb3\/4&#8243;][vc_column_text el_id=\u00bbCONTACT\u00bb]<\/p>\n<p class=\"western\">La climatolog\u00eda en la bah\u00eda de Santander permite que la navegaci\u00f3n, y el fondeo fuera del puerto, sean opciones muy viables durante todo el a\u00f1o, pero la reuni\u00f3n <u>siempre<\/u> podr\u00e1 celebrarse aunque el barco deba permanecer en el puerto por alg\u00fan imprevisto meteorol\u00f3gico.<\/p>\n<p>Un barco amplio, muy estable y seguro, el Catamaran Lagoon 450F.<\/p>\n<p>Otras zonas de navegaci\u00f3n y planes son posibles, cons\u00faltanos sin compromiso.<\/p>\n<p>&nbsp;<\/p>\n<h3>Informaci\u00f3n y reservas<\/h3>\n<p><a href=\"http:\/\/www.yacar.arconada.name\/\">www.yacar.arconada.name<\/a><\/p>\n<p><a href=\"mailto:luis@arconada.name\"><span lang=\"en-US\">luis@arconada.name<\/span><\/a><\/p>\n<p><strong><span lang=\"en-US\">Movil +34 609 47 55 85<\/span><\/strong><\/p>\n<p><strong>YACAR EXECUTIVE MEETINGS<\/strong>[\/vc_column_text][vc_empty_space el_id=\u00bbcontact\u00bb][\/vc_column][\/vc_row]<\/p>\n","protected":false},"excerpt":{"rendered":"<p>[vc_row][vc_column][vc_empty_space height=\u00bb50px\u00bb el_id=\u00bbinicio\u00bb][vc_column_text] YACAR EXECUTIVE MEETINGS [\/vc_column_text][vc_empty_space height=\u00bb70px\u00bb][\/vc_column][\/vc_row][vc_row css=\u00bb.vc_custom_1550847728251{padding-top: 80px !important;padding-bottom: 60px !important;}\u00bb][vc_column width=\u00bb1\/2&#8243;][vc_single_image image=\u00bb46&#8243; img_size=\u00bblarge\u00bb][\/vc_column][vc_column width=\u00bb1\/2&#8243;][vc_column_text]Una reuni\u00f3n especial es aquella cuyo resultado es muy importante para quien la organiza. Las emociones incrementan exponencialmente el impacto de un mensaje. Una reuni\u00f3n celebrada en un catamar\u00e1n dejar\u00e1 huella, haciendo que el mensaje transmitido cale m\u00e1s hondo&hellip;<\/p>\n","protected":false},"author":1,"featured_media":0,"parent":0,"menu_order":0,"comment_status":"closed","ping_status":"closed","template":"","meta":{"footnotes":""},"_links":{"self":[{"href":"https:\/\/yacar.arconada.name\/index.php?rest_route=\/wp\/v2\/pages\/6"}],"collection":[{"href":"https:\/\/yacar.arconada.name\/index.php?rest_route=\/wp\/v2\/pages"}],"about":[{"href":"https:\/\/yacar.arconada.name\/index.php?rest_route=\/wp\/v2\/types\/page"}],"author":[{"embeddable":true,"href":"https:\/\/yacar.arconada.name\/index.php?rest_route=\/wp\/v2\/users\/1"}],"replies":[{"embeddable":true,"href":"https:\/\/yacar.arconada.name\/index.php?rest_route=%2Fwp%2Fv2%2Fcomments&post=6"}],"version-history":[{"count":36,"href":"https:\/\/yacar.arconada.name\/index.php?rest_route=\/wp\/v2\/pages\/6\/revisions"}],"predecessor-version":[{"id":87,"href":"https:\/\/yacar.arconada.name\/index.php?rest_route=\/wp\/v2\/pages\/6\/revisions\/87"}],"wp:attachment":[{"href":"https:\/\/yacar.arconada.name\/index.php?rest_route=%2Fwp%2Fv2%2Fmedia&parent=6"}],"curies":[{"name":"wp","href":"https:\/\/api.w.org\/{rel}","templated":true}]}}